{"id":2349,"date":"2020-11-05T07:46:31","date_gmt":"2020-11-05T07:46:31","guid":{"rendered":"https:\/\/goldencoast.com.cy\/location\/"},"modified":"2021-01-18T08:51:29","modified_gmt":"2021-01-18T08:51:29","slug":"lage","status":"publish","type":"page","link":"https:\/\/goldencoast.com.cy\/de\/lage\/","title":{"rendered":"Lage"},"content":{"rendered":"\t\t<div data-elementor-type=\"wp-page\" data-elementor-id=\"2349\" class=\"elementor elementor-2349 elementor-812\" data-elementor-post-type=\"page\">\n\t\t\t\t\t\t<section class=\"elementor-section elementor-top-section elementor-element elementor-element-c32b78e elementor-section-full_width elementor-section-content-middle elementor-section-height-min-height elementor-section-height-default elementor-section-items-middle\" data-id=\"c32b78e\" data-element_type=\"section\" data-settings=\"{&quot;background_background&quot;:&quot;classic&quot;}\">\n\t\t\t\t\t\t\t<div class=\"elementor-background-overlay\"><\/div>\n\t\t\t\t\t\t\t<div class=\"elementor-container elementor-column-gap-default\">\n\t\t\t\t\t<div class=\"elementor-column elementor-col-100 elementor-top-column elementor-element elementor-element-57f3b3bd\" data-id=\"57f3b3bd\" data-element_type=\"column\">\n\t\t\t<div class=\"elementor-widget-wrap elementor-element-populated\">\n\t\t\t\t\t\t<div class=\"elementor-element elementor-element-603d52fb elementor-widget elementor-widget-heading\" data-id=\"603d52fb\" data-element_type=\"widget\" data-widget_type=\"heading.default\">\n\t\t\t\t<div class=\"elementor-widget-container\">\n\t\t\t<h1 class=\"elementor-heading-title elementor-size-default\">Lage<\/h1>\t\t<\/div>\n\t\t\t\t<\/div>\n\t\t\t\t\t<\/div>\n\t\t<\/div>\n\t\t\t\t\t<\/div>\n\t\t<\/section>\n\t\t\t\t<section class=\"elementor-section elementor-top-section elementor-element elementor-element-24d3a7b7 elementor-section-full_width elementor-section-height-default elementor-section-height-default\" data-id=\"24d3a7b7\" data-element_type=\"section\" data-settings=\"{&quot;background_background&quot;:&quot;classic&quot;}\">\n\t\t\t\t\t\t<div class=\"elementor-container elementor-column-gap-no\">\n\t\t\t\t\t<div class=\"elementor-column elementor-col-33 elementor-top-column elementor-element elementor-element-7d9dbdec\" data-id=\"7d9dbdec\" data-element_type=\"column\" data-settings=\"{&quot;background_background&quot;:&quot;classic&quot;}\">\n\t\t\t<div class=\"elementor-widget-wrap\">\n\t\t\t\t\t\t\t<\/div>\n\t\t<\/div>\n\t\t\t\t<div class=\"elementor-column elementor-col-33 elementor-top-column elementor-element elementor-element-70fc3dca\" data-id=\"70fc3dca\" data-element_type=\"column\" data-settings=\"{&quot;background_background&quot;:&quot;classic&quot;}\">\n\t\t\t<div class=\"elementor-widget-wrap elementor-element-populated\">\n\t\t\t\t\t\t<div class=\"elementor-element elementor-element-2284440 elementor-widget elementor-widget-heading\" data-id=\"2284440\" data-element_type=\"widget\" data-widget_type=\"heading.default\">\n\t\t\t\t<div class=\"elementor-widget-container\">\n\t\t\t<h2 class=\"elementor-heading-title elementor-size-default\">Unser Standort\n<\/h2>\t\t<\/div>\n\t\t\t\t<\/div>\n\t\t\t\t<div class=\"elementor-element elementor-element-125028f3 elementor-widget elementor-widget-text-editor\" data-id=\"125028f3\" data-element_type=\"widget\" data-widget_type=\"text-editor.default\">\n\t\t\t\t<div class=\"elementor-widget-container\">\n\t\t\t\t\t\t\t<p>Das Golden Coast Beach Hotel befindet sich im touristischen Zentrum von Protaras, eine einzigartige Lage auf einer Halbinsel, auf drei Seiten vom Meer umgeben und neben einem malerischen Fischerhaus. Die umliegende Landschaft ist atemberaubend sch\u00f6n verwoben mit langen goldenen Sandstr\u00e4nden und felsigen Klippen. Larnaca Flughafen ist nur 35 Minuten entfernt; w\u00e4hrend sie zu Fu\u00df erreichbar sind, finden Sie viele Tavernen, Bars, Cafes und Gesch\u00e4fte.<\/p><p>400 Meter durch unsere G\u00e4rten und entlang des Strandes erreichen Sie das touristische Gebiet von Pernera<br \/>5 Minuten von Paralimni und Hauptstra\u00dfe von Protaras<br \/>10 Minuten von Ayia Napa entfernt<br \/>35 Minuten vom Flughafen Larnaca entfernt<br \/>55 Minuten von der Hauptstadt Nicosia entfernt<\/p><p>Es gibt auch einen \u00f6ffentlichen Busservice mit einer Haltestelle direkt vor dem Hotel. Der Busfahrplan variiert je nach Saison und kann von unserer Rezeption aus zur Verf\u00fcgung gestellt werden.<\/p><p>Auf Anfrage von G\u00e4sten kann das Hotel den Transport, wie private Taxis oder kleine Busse arrangieren.<\/p>\t\t\t\t\t\t<\/div>\n\t\t\t\t<\/div>\n\t\t\t\t<div class=\"elementor-element elementor-element-6842b6e elementor-widget elementor-widget-google_maps\" data-id=\"6842b6e\" data-element_type=\"widget\" data-widget_type=\"google_maps.default\">\n\t\t\t\t<div class=\"elementor-widget-container\">\n\t\t\t\t\t<div class=\"elementor-custom-embed\">\n\t\t\t<iframe loading=\"lazy\"\n\t\t\t\t\tsrc=\"https:\/\/maps.google.com\/maps?q=Golden%20Coast%20Beach&#038;t=m&#038;z=11&#038;output=embed&#038;iwloc=near\"\n\t\t\t\t\ttitle=\"Golden Coast Beach\"\n\t\t\t\t\taria-label=\"Golden Coast Beach\"\n\t\t\t><\/iframe>\n\t\t<\/div>\n\t\t\t\t<\/div>\n\t\t\t\t<\/div>\n\t\t\t\t\t<\/div>\n\t\t<\/div>\n\t\t\t\t<div class=\"elementor-column elementor-col-33 elementor-top-column elementor-element elementor-element-5421c51b\" data-id=\"5421c51b\" data-element_type=\"column\" data-settings=\"{&quot;background_background&quot;:&quot;classic&quot;}\">\n\t\t\t<div class=\"elementor-widget-wrap\">\n\t\t\t\t\t\t\t<\/div>\n\t\t<\/div>\n\t\t\t\t\t<\/div>\n\t\t<\/section>\n\t\t\t\t<section class=\"elementor-section elementor-top-section elementor-element elementor-element-3cf1c906 elementor-section-boxed elementor-section-height-default elementor-section-height-default\" data-id=\"3cf1c906\" data-element_type=\"section\" data-settings=\"{&quot;background_background&quot;:&quot;classic&quot;}\">\n\t\t\t\t\t\t<div class=\"elementor-container elementor-column-gap-default\">\n\t\t\t\t\t<div class=\"elementor-column elementor-col-100 elementor-top-column elementor-element elementor-element-395e9e5f\" data-id=\"395e9e5f\" data-element_type=\"column\">\n\t\t\t<div class=\"elementor-widget-wrap elementor-element-populated\">\n\t\t\t\t\t\t<div class=\"elementor-element elementor-element-48bb5b19 elementor-widget elementor-widget-image\" data-id=\"48bb5b19\" data-element_type=\"widget\" data-widget_type=\"image.default\">\n\t\t\t\t<div class=\"elementor-widget-container\">\n\t\t\t\t\t\t\t\t\t\t\t\t\t<img fetchpriority=\"high\" decoding=\"async\" width=\"602\" height=\"119\" src=\"https:\/\/goldencoast.com.cy\/wp-content\/uploads\/2020\/11\/goldenbay-section-logo-1.png\" class=\"attachment-large size-large wp-image-577\" alt=\"\" srcset=\"https:\/\/goldencoast.com.cy\/wp-content\/uploads\/2020\/11\/goldenbay-section-logo-1.png 602w, https:\/\/goldencoast.com.cy\/wp-content\/uploads\/2020\/11\/goldenbay-section-logo-1-360x71.png 360w\" sizes=\"(max-width: 602px) 100vw, 602px\" \/>\t\t\t\t\t\t\t\t\t\t\t\t\t<\/div>\n\t\t\t\t<\/div>\n\t\t\t\t\t<\/div>\n\t\t<\/div>\n\t\t\t\t\t<\/div>\n\t\t<\/section>\n\t\t\t\t<\/div>\n\t\t","protected":false},"excerpt":{"rendered":"<p>Lage Unser Standort Das Golden Coast Beach Hotel befindet sich im touristischen Zentrum von Protaras, eine einzigartige Lage auf einer Halbinsel, auf drei Seiten vom Meer umgeben und neben einem malerischen Fischerhaus. Die umliegende Landschaft ist atemberaubend sch\u00f6n verwoben mit langen goldenen Sandstr\u00e4nden und felsigen Klippen. Larnaca Flughafen ist nur 35 Minuten entfernt; w\u00e4hrend sie [&hellip;]<\/p>\n","protected":false},"author":2,"featured_media":0,"parent":0,"menu_order":0,"comment_status":"closed","ping_status":"closed","template":"","meta":{"_acf_changed":false,"footnotes":""},"class_list":["post-2349","page","type-page","status-publish","hentry"],"acf":[],"yoast_head":"<!-- This site is optimized with the Yoast SEO plugin v27.4 - https:\/\/yoast.com\/product\/yoast-seo-wordpress\/ -->\n<title>Golden Bay Beach 5 star Hotel in Larnaca - Location<\/title>\n<meta name=\"description\" content=\"Golden Bay Beach 5 star luxury Hotel is nestled on the edge of the tourist part of Larnaca, right on a long and wide sandy beach.\" \/>\n<meta name=\"robots\" content=\"index, follow, max-snippet:-1, max-image-preview:large, max-video-preview:-1\" \/>\n<link rel=\"canonical\" href=\"https:\/\/goldencoast.com.cy\/de\/lage\/\" \/>\n<meta property=\"og:locale\" content=\"de_DE\" \/>\n<meta property=\"og:type\" content=\"article\" \/>\n<meta property=\"og:title\" content=\"Golden Bay Beach 5 star Hotel in Larnaca - Location\" \/>\n<meta property=\"og:description\" content=\"Golden Bay Beach 5 star luxury Hotel is nestled on the edge of the tourist part of Larnaca, right on a long and wide sandy beach.\" \/>\n<meta property=\"og:url\" content=\"https:\/\/goldencoast.com.cy\/de\/lage\/\" \/>\n<meta property=\"og:site_name\" content=\"Golden Coast Hotel\" \/>\n<meta property=\"article:publisher\" content=\"https:\/\/www.facebook.com\/goldencoastcyprus\" \/>\n<meta property=\"article:modified_time\" content=\"2021-01-18T08:51:29+00:00\" \/>\n<meta property=\"og:image\" content=\"https:\/\/goldencoast.com.cy\/wp-content\/uploads\/2020\/11\/goldenbay-section-logo-1.png\" \/>\n<meta name=\"twitter:card\" content=\"summary_large_image\" \/>\n<meta name=\"twitter:site\" content=\"@goldencoastcy\" \/>\n<meta name=\"twitter:label1\" content=\"Gesch\u00e4tzte Lesezeit\" \/>\n\t<meta name=\"twitter:data1\" content=\"1 Minute\" \/>\n<script type=\"application\/ld+json\" class=\"yoast-schema-graph\">{\"@context\":\"https:\\\/\\\/schema.org\",\"@graph\":[{\"@type\":\"WebPage\",\"@id\":\"https:\\\/\\\/goldencoast.com.cy\\\/de\\\/lage\\\/\",\"url\":\"https:\\\/\\\/goldencoast.com.cy\\\/de\\\/lage\\\/\",\"name\":\"Golden Bay Beach 5 star Hotel in Larnaca - Location\",\"isPartOf\":{\"@id\":\"https:\\\/\\\/goldencoast.com.cy\\\/#website\"},\"primaryImageOfPage\":{\"@id\":\"https:\\\/\\\/goldencoast.com.cy\\\/de\\\/lage\\\/#primaryimage\"},\"image\":{\"@id\":\"https:\\\/\\\/goldencoast.com.cy\\\/de\\\/lage\\\/#primaryimage\"},\"thumbnailUrl\":\"https:\\\/\\\/goldencoast.com.cy\\\/wp-content\\\/uploads\\\/2020\\\/11\\\/goldenbay-section-logo-1.png\",\"datePublished\":\"2020-11-05T07:46:31+00:00\",\"dateModified\":\"2021-01-18T08:51:29+00:00\",\"description\":\"Golden Bay Beach 5 star luxury Hotel is nestled on the edge of the tourist part of Larnaca, right on a long and wide sandy beach.\",\"breadcrumb\":{\"@id\":\"https:\\\/\\\/goldencoast.com.cy\\\/de\\\/lage\\\/#breadcrumb\"},\"inLanguage\":\"de\",\"potentialAction\":[{\"@type\":\"ReadAction\",\"target\":[\"https:\\\/\\\/goldencoast.com.cy\\\/de\\\/lage\\\/\"]}]},{\"@type\":\"ImageObject\",\"inLanguage\":\"de\",\"@id\":\"https:\\\/\\\/goldencoast.com.cy\\\/de\\\/lage\\\/#primaryimage\",\"url\":\"https:\\\/\\\/goldencoast.com.cy\\\/wp-content\\\/uploads\\\/2020\\\/11\\\/goldenbay-section-logo-1.png\",\"contentUrl\":\"https:\\\/\\\/goldencoast.com.cy\\\/wp-content\\\/uploads\\\/2020\\\/11\\\/goldenbay-section-logo-1.png\"},{\"@type\":\"BreadcrumbList\",\"@id\":\"https:\\\/\\\/goldencoast.com.cy\\\/de\\\/lage\\\/#breadcrumb\",\"itemListElement\":[{\"@type\":\"ListItem\",\"position\":1,\"name\":\"Home\",\"item\":\"https:\\\/\\\/goldencoast.com.cy\\\/de\\\/\"},{\"@type\":\"ListItem\",\"position\":2,\"name\":\"Lage\"}]},{\"@type\":\"WebSite\",\"@id\":\"https:\\\/\\\/goldencoast.com.cy\\\/#website\",\"url\":\"https:\\\/\\\/goldencoast.com.cy\\\/\",\"name\":\"Golden Coast Hotel\",\"description\":\"Just another WordPress site\",\"publisher\":{\"@id\":\"https:\\\/\\\/goldencoast.com.cy\\\/#organization\"},\"potentialAction\":[{\"@type\":\"SearchAction\",\"target\":{\"@type\":\"EntryPoint\",\"urlTemplate\":\"https:\\\/\\\/goldencoast.com.cy\\\/?s={search_term_string}\"},\"query-input\":{\"@type\":\"PropertyValueSpecification\",\"valueRequired\":true,\"valueName\":\"search_term_string\"}}],\"inLanguage\":\"de\"},{\"@type\":\"Organization\",\"@id\":\"https:\\\/\\\/goldencoast.com.cy\\\/#organization\",\"name\":\"Golden Coast Beach Hotel\",\"alternateName\":\"Golden Coast Beach Hotel in Protaras\",\"url\":\"https:\\\/\\\/goldencoast.com.cy\\\/\",\"logo\":{\"@type\":\"ImageObject\",\"inLanguage\":\"de\",\"@id\":\"https:\\\/\\\/goldencoast.com.cy\\\/#\\\/schema\\\/logo\\\/image\\\/\",\"url\":\"https:\\\/\\\/goldencoast.com.cy\\\/wp-content\\\/uploads\\\/2020\\\/11\\\/cropped-gbicon.png\",\"contentUrl\":\"https:\\\/\\\/goldencoast.com.cy\\\/wp-content\\\/uploads\\\/2020\\\/11\\\/cropped-gbicon.png\",\"width\":512,\"height\":512,\"caption\":\"Golden Coast Beach Hotel\"},\"image\":{\"@id\":\"https:\\\/\\\/goldencoast.com.cy\\\/#\\\/schema\\\/logo\\\/image\\\/\"},\"sameAs\":[\"https:\\\/\\\/www.facebook.com\\\/goldencoastcyprus\",\"https:\\\/\\\/x.com\\\/goldencoastcy\",\"https:\\\/\\\/www.instagram.com\\\/goldencoastbeachhotel\\\/\",\"https:\\\/\\\/www.linkedin.com\\\/company\\\/golden-coast-beach-hotel\\\/\",\"https:\\\/\\\/www.youtube.com\\\/@GoldencoastCy\"]}]}<\/script>\n<!-- \/ Yoast SEO plugin. -->","yoast_head_json":{"title":"Golden Bay Beach 5 star Hotel in Larnaca - Location","description":"Golden Bay Beach 5 star luxury Hotel is nestled on the edge of the tourist part of Larnaca, right on a long and wide sandy beach.","robots":{"index":"index","follow":"follow","max-snippet":"max-snippet:-1","max-image-preview":"max-image-preview:large","max-video-preview":"max-video-preview:-1"},"canonical":"https:\/\/goldencoast.com.cy\/de\/lage\/","og_locale":"de_DE","og_type":"article","og_title":"Golden Bay Beach 5 star Hotel in Larnaca - Location","og_description":"Golden Bay Beach 5 star luxury Hotel is nestled on the edge of the tourist part of Larnaca, right on a long and wide sandy beach.","og_url":"https:\/\/goldencoast.com.cy\/de\/lage\/","og_site_name":"Golden Coast Hotel","article_publisher":"https:\/\/www.facebook.com\/goldencoastcyprus","article_modified_time":"2021-01-18T08:51:29+00:00","og_image":[{"url":"https:\/\/goldencoast.com.cy\/wp-content\/uploads\/2020\/11\/goldenbay-section-logo-1.png","type":"","width":"","height":""}],"twitter_card":"summary_large_image","twitter_site":"@goldencoastcy","twitter_misc":{"Gesch\u00e4tzte Lesezeit":"1 Minute"},"schema":{"@context":"https:\/\/schema.org","@graph":[{"@type":"WebPage","@id":"https:\/\/goldencoast.com.cy\/de\/lage\/","url":"https:\/\/goldencoast.com.cy\/de\/lage\/","name":"Golden Bay Beach 5 star Hotel in Larnaca - Location","isPartOf":{"@id":"https:\/\/goldencoast.com.cy\/#website"},"primaryImageOfPage":{"@id":"https:\/\/goldencoast.com.cy\/de\/lage\/#primaryimage"},"image":{"@id":"https:\/\/goldencoast.com.cy\/de\/lage\/#primaryimage"},"thumbnailUrl":"https:\/\/goldencoast.com.cy\/wp-content\/uploads\/2020\/11\/goldenbay-section-logo-1.png","datePublished":"2020-11-05T07:46:31+00:00","dateModified":"2021-01-18T08:51:29+00:00","description":"Golden Bay Beach 5 star luxury Hotel is nestled on the edge of the tourist part of Larnaca, right on a long and wide sandy beach.","breadcrumb":{"@id":"https:\/\/goldencoast.com.cy\/de\/lage\/#breadcrumb"},"inLanguage":"de","potentialAction":[{"@type":"ReadAction","target":["https:\/\/goldencoast.com.cy\/de\/lage\/"]}]},{"@type":"ImageObject","inLanguage":"de","@id":"https:\/\/goldencoast.com.cy\/de\/lage\/#primaryimage","url":"https:\/\/goldencoast.com.cy\/wp-content\/uploads\/2020\/11\/goldenbay-section-logo-1.png","contentUrl":"https:\/\/goldencoast.com.cy\/wp-content\/uploads\/2020\/11\/goldenbay-section-logo-1.png"},{"@type":"BreadcrumbList","@id":"https:\/\/goldencoast.com.cy\/de\/lage\/#breadcrumb","itemListElement":[{"@type":"ListItem","position":1,"name":"Home","item":"https:\/\/goldencoast.com.cy\/de\/"},{"@type":"ListItem","position":2,"name":"Lage"}]},{"@type":"WebSite","@id":"https:\/\/goldencoast.com.cy\/#website","url":"https:\/\/goldencoast.com.cy\/","name":"Golden Coast Hotel","description":"Just another WordPress site","publisher":{"@id":"https:\/\/goldencoast.com.cy\/#organization"},"potentialAction":[{"@type":"SearchAction","target":{"@type":"EntryPoint","urlTemplate":"https:\/\/goldencoast.com.cy\/?s={search_term_string}"},"query-input":{"@type":"PropertyValueSpecification","valueRequired":true,"valueName":"search_term_string"}}],"inLanguage":"de"},{"@type":"Organization","@id":"https:\/\/goldencoast.com.cy\/#organization","name":"Golden Coast Beach Hotel","alternateName":"Golden Coast Beach Hotel in Protaras","url":"https:\/\/goldencoast.com.cy\/","logo":{"@type":"ImageObject","inLanguage":"de","@id":"https:\/\/goldencoast.com.cy\/#\/schema\/logo\/image\/","url":"https:\/\/goldencoast.com.cy\/wp-content\/uploads\/2020\/11\/cropped-gbicon.png","contentUrl":"https:\/\/goldencoast.com.cy\/wp-content\/uploads\/2020\/11\/cropped-gbicon.png","width":512,"height":512,"caption":"Golden Coast Beach Hotel"},"image":{"@id":"https:\/\/goldencoast.com.cy\/#\/schema\/logo\/image\/"},"sameAs":["https:\/\/www.facebook.com\/goldencoastcyprus","https:\/\/x.com\/goldencoastcy","https:\/\/www.instagram.com\/goldencoastbeachhotel\/","https:\/\/www.linkedin.com\/company\/golden-coast-beach-hotel\/","https:\/\/www.youtube.com\/@GoldencoastCy"]}]}},"_links":{"self":[{"href":"https:\/\/goldencoast.com.cy\/de\/wp-json\/wp\/v2\/pages\/2349","targetHints":{"allow":["GET"]}}],"collection":[{"href":"https:\/\/goldencoast.com.cy\/de\/wp-json\/wp\/v2\/pages"}],"about":[{"href":"https:\/\/goldencoast.com.cy\/de\/wp-json\/wp\/v2\/types\/page"}],"author":[{"embeddable":true,"href":"https:\/\/goldencoast.com.cy\/de\/wp-json\/wp\/v2\/users\/2"}],"replies":[{"embeddable":true,"href":"https:\/\/goldencoast.com.cy\/de\/wp-json\/wp\/v2\/comments?post=2349"}],"version-history":[{"count":0,"href":"https:\/\/goldencoast.com.cy\/de\/wp-json\/wp\/v2\/pages\/2349\/revisions"}],"wp:attachment":[{"href":"https:\/\/goldencoast.com.cy\/de\/wp-json\/wp\/v2\/media?parent=2349"}],"curies":[{"name":"wp","href":"https:\/\/api.w.org\/{rel}","templated":true}]}}